{"id":677,"date":"2022-05-21T16:23:13","date_gmt":"2022-05-21T14:23:13","guid":{"rendered":"http:\/\/lesarchers-stmartinois.fr\/?page_id=677"},"modified":"2023-04-22T15:32:32","modified_gmt":"2023-04-22T13:32:32","slug":"le-club-2","status":"publish","type":"page","link":"https:\/\/lesarchers-stmartinois.fr\/?page_id=677","title":{"rendered":"Le Club"},"content":{"rendered":"\n<p>Bienvenue chez les Flamants roses ! \ud83e\udda9<\/p>\n\n\n\n<p>Ici, c&#8217;est la bonne humeur et la passion qui priment \ud83e\udd29<\/p>\n\n\n\n<p>Une \u00e9quipe de dingue, soud\u00e9e et ambitieuse qui se d\u00e9m\u00e8ne pour le bien \u00eatre des adh\u00e9rents et la vie du club. Nous avons la chance d&#8217;avoir acc\u00e8s \u00e0 une salle destin\u00e9e uniquement \u00e0 la pratique du tir \u00e0 l&#8217;arc, ainsi qu&#8217;\u00e0 un terrain ext\u00e9rieur o\u00f9 on y retrouve un pas de tir allant de 20m \u00e0 70m ! <\/p>\n\n\n\n<p><\/p>\n","protected":false},"excerpt":{"rendered":"<p>Bienvenue chez les Flamants roses ! \ud83e\udda9 Ici, c&#8217;est la bonne humeur et la passion qui priment \ud83e\udd29 Une \u00e9quipe de dingue, soud\u00e9e et ambitieuse qui se d\u00e9m\u00e8ne pour le bien \u00eatre des adh\u00e9rents et la vie du club. Nous avons la chance d&#8217;avoir acc\u00e8s \u00e0 une salle destin\u00e9e uniquement \u00e0 la pratique du tir [&hellip;]<\/p>\n","protected":false},"author":1,"featured_media":0,"parent":0,"menu_order":0,"comment_status":"closed","ping_status":"closed","template":"","meta":{"footnotes":""},"yoast_head":"<!-- This site is optimized with the Yoast SEO plugin v19.10 - https:\/\/yoast.com\/wordpress\/plugins\/seo\/ -->\n<title>Le Club - Les Archers St Martinois<\/title>\n<meta name=\"robots\" content=\"index, follow, max-snippet:-1, max-image-preview:large, max-video-preview:-1\" \/>\n<link rel=\"canonical\" href=\"https:\/\/lesarchers-stmartinois.fr\/?page_id=677\" \/>\n<meta property=\"og:locale\" content=\"en_US\" \/>\n<meta property=\"og:type\" content=\"article\" \/>\n<meta property=\"og:title\" content=\"Le Club - Les Archers St Martinois\" \/>\n<meta property=\"og:description\" content=\"Bienvenue chez les Flamants roses ! \ud83e\udda9 Ici, c&#8217;est la bonne humeur et la passion qui priment \ud83e\udd29 Une \u00e9quipe de dingue, soud\u00e9e et ambitieuse qui se d\u00e9m\u00e8ne pour le bien \u00eatre des adh\u00e9rents et la vie du club. Nous avons la chance d&#8217;avoir acc\u00e8s \u00e0 une salle destin\u00e9e uniquement \u00e0 la pratique du tir [&hellip;]\" \/>\n<meta property=\"og:url\" content=\"https:\/\/lesarchers-stmartinois.fr\/?page_id=677\" \/>\n<meta property=\"og:site_name\" content=\"Les Archers St Martinois\" \/>\n<meta property=\"article:modified_time\" content=\"2023-04-22T13:32:32+00:00\" \/>\n<meta name=\"twitter:card\" content=\"summary_large_image\" \/>\n<meta name=\"twitter:label1\" content=\"Est. reading time\" \/>\n\t<meta name=\"twitter:data1\" content=\"1 minute\" \/>\n<script type=\"application\/ld+json\" class=\"yoast-schema-graph\">{\"@context\":\"https:\/\/schema.org\",\"@graph\":[{\"@type\":\"WebPage\",\"@id\":\"https:\/\/lesarchers-stmartinois.fr\/?page_id=677\",\"url\":\"https:\/\/lesarchers-stmartinois.fr\/?page_id=677\",\"name\":\"Le Club - Les Archers St Martinois\",\"isPartOf\":{\"@id\":\"https:\/\/lesarchers-stmartinois.fr\/#website\"},\"datePublished\":\"2022-05-21T14:23:13+00:00\",\"dateModified\":\"2023-04-22T13:32:32+00:00\",\"breadcrumb\":{\"@id\":\"https:\/\/lesarchers-stmartinois.fr\/?page_id=677#breadcrumb\"},\"inLanguage\":\"en-US\",\"potentialAction\":[{\"@type\":\"ReadAction\",\"target\":[\"https:\/\/lesarchers-stmartinois.fr\/?page_id=677\"]}]},{\"@type\":\"BreadcrumbList\",\"@id\":\"https:\/\/lesarchers-stmartinois.fr\/?page_id=677#breadcrumb\",\"itemListElement\":[{\"@type\":\"ListItem\",\"position\":1,\"name\":\"Home\",\"item\":\"https:\/\/lesarchers-stmartinois.fr\/\"},{\"@type\":\"ListItem\",\"position\":2,\"name\":\"Le Club\"}]},{\"@type\":\"WebSite\",\"@id\":\"https:\/\/lesarchers-stmartinois.fr\/#website\",\"url\":\"https:\/\/lesarchers-stmartinois.fr\/\",\"name\":\"Les Archers St Martinois\",\"description\":\"Les Flamants Roses \",\"publisher\":{\"@id\":\"https:\/\/lesarchers-stmartinois.fr\/#organization\"},\"potentialAction\":[{\"@type\":\"SearchAction\",\"target\":{\"@type\":\"EntryPoint\",\"urlTemplate\":\"https:\/\/lesarchers-stmartinois.fr\/?s={search_term_string}\"},\"query-input\":\"required name=search_term_string\"}],\"inLanguage\":\"en-US\"},{\"@type\":\"Organization\",\"@id\":\"https:\/\/lesarchers-stmartinois.fr\/#organization\",\"name\":\"Les Archers St Martinois\",\"url\":\"https:\/\/lesarchers-stmartinois.fr\/\",\"logo\":{\"@type\":\"ImageObject\",\"inLanguage\":\"en-US\",\"@id\":\"https:\/\/lesarchers-stmartinois.fr\/#\/schema\/logo\/image\/\",\"url\":\"https:\/\/lesarchers-stmartinois.fr\/wp-content\/uploads\/2022\/05\/cropped-Logo-club-2.jpg\",\"contentUrl\":\"https:\/\/lesarchers-stmartinois.fr\/wp-content\/uploads\/2022\/05\/cropped-Logo-club-2.jpg\",\"width\":400,\"height\":571,\"caption\":\"Les Archers St Martinois \"},\"image\":{\"@id\":\"https:\/\/lesarchers-stmartinois.fr\/#\/schema\/logo\/image\/\"}}]}<\/script>\n<!-- \/ Yoast SEO plugin. -->","yoast_head_json":{"title":"Le Club - Les Archers St Martinois","robots":{"index":"index","follow":"follow","max-snippet":"max-snippet:-1","max-image-preview":"max-image-preview:large","max-video-preview":"max-video-preview:-1"},"canonical":"https:\/\/lesarchers-stmartinois.fr\/?page_id=677","og_locale":"en_US","og_type":"article","og_title":"Le Club - Les Archers St Martinois","og_description":"Bienvenue chez les Flamants roses ! \ud83e\udda9 Ici, c&#8217;est la bonne humeur et la passion qui priment \ud83e\udd29 Une \u00e9quipe de dingue, soud\u00e9e et ambitieuse qui se d\u00e9m\u00e8ne pour le bien \u00eatre des adh\u00e9rents et la vie du club. Nous avons la chance d&#8217;avoir acc\u00e8s \u00e0 une salle destin\u00e9e uniquement \u00e0 la pratique du tir [&hellip;]","og_url":"https:\/\/lesarchers-stmartinois.fr\/?page_id=677","og_site_name":"Les Archers St Martinois","article_modified_time":"2023-04-22T13:32:32+00:00","twitter_card":"summary_large_image","twitter_misc":{"Est. reading time":"1 minute"},"schema":{"@context":"https:\/\/schema.org","@graph":[{"@type":"WebPage","@id":"https:\/\/lesarchers-stmartinois.fr\/?page_id=677","url":"https:\/\/lesarchers-stmartinois.fr\/?page_id=677","name":"Le Club - Les Archers St Martinois","isPartOf":{"@id":"https:\/\/lesarchers-stmartinois.fr\/#website"},"datePublished":"2022-05-21T14:23:13+00:00","dateModified":"2023-04-22T13:32:32+00:00","breadcrumb":{"@id":"https:\/\/lesarchers-stmartinois.fr\/?page_id=677#breadcrumb"},"inLanguage":"en-US","potentialAction":[{"@type":"ReadAction","target":["https:\/\/lesarchers-stmartinois.fr\/?page_id=677"]}]},{"@type":"BreadcrumbList","@id":"https:\/\/lesarchers-stmartinois.fr\/?page_id=677#breadcrumb","itemListElement":[{"@type":"ListItem","position":1,"name":"Home","item":"https:\/\/lesarchers-stmartinois.fr\/"},{"@type":"ListItem","position":2,"name":"Le Club"}]},{"@type":"WebSite","@id":"https:\/\/lesarchers-stmartinois.fr\/#website","url":"https:\/\/lesarchers-stmartinois.fr\/","name":"Les Archers St Martinois","description":"Les Flamants Roses ","publisher":{"@id":"https:\/\/lesarchers-stmartinois.fr\/#organization"},"potentialAction":[{"@type":"SearchAction","target":{"@type":"EntryPoint","urlTemplate":"https:\/\/lesarchers-stmartinois.fr\/?s={search_term_string}"},"query-input":"required name=search_term_string"}],"inLanguage":"en-US"},{"@type":"Organization","@id":"https:\/\/lesarchers-stmartinois.fr\/#organization","name":"Les Archers St Martinois","url":"https:\/\/lesarchers-stmartinois.fr\/","logo":{"@type":"ImageObject","inLanguage":"en-US","@id":"https:\/\/lesarchers-stmartinois.fr\/#\/schema\/logo\/image\/","url":"https:\/\/lesarchers-stmartinois.fr\/wp-content\/uploads\/2022\/05\/cropped-Logo-club-2.jpg","contentUrl":"https:\/\/lesarchers-stmartinois.fr\/wp-content\/uploads\/2022\/05\/cropped-Logo-club-2.jpg","width":400,"height":571,"caption":"Les Archers St Martinois "},"image":{"@id":"https:\/\/lesarchers-stmartinois.fr\/#\/schema\/logo\/image\/"}}]}},"_links":{"self":[{"href":"https:\/\/lesarchers-stmartinois.fr\/index.php?rest_route=\/wp\/v2\/pages\/677"}],"collection":[{"href":"https:\/\/lesarchers-stmartinois.fr\/index.php?rest_route=\/wp\/v2\/pages"}],"about":[{"href":"https:\/\/lesarchers-stmartinois.fr\/index.php?rest_route=\/wp\/v2\/types\/page"}],"author":[{"embeddable":true,"href":"https:\/\/lesarchers-stmartinois.fr\/index.php?rest_route=\/wp\/v2\/users\/1"}],"replies":[{"embeddable":true,"href":"https:\/\/lesarchers-stmartinois.fr\/index.php?rest_route=%2Fwp%2Fv2%2Fcomments&post=677"}],"version-history":[{"count":2,"href":"https:\/\/lesarchers-stmartinois.fr\/index.php?rest_route=\/wp\/v2\/pages\/677\/revisions"}],"predecessor-version":[{"id":904,"href":"https:\/\/lesarchers-stmartinois.fr\/index.php?rest_route=\/wp\/v2\/pages\/677\/revisions\/904"}],"wp:attachment":[{"href":"https:\/\/lesarchers-stmartinois.fr\/index.php?rest_route=%2Fwp%2Fv2%2Fmedia&parent=677"}],"curies":[{"name":"wp","href":"https:\/\/api.w.org\/{rel}","templated":true}]}}